{"id":704,"date":"2013-03-23T13:06:18","date_gmt":"2013-03-23T11:06:18","guid":{"rendered":"http:\/\/themenectar.com\/demo\/salient\/?page_id=26"},"modified":"2021-12-16T08:36:18","modified_gmt":"2021-12-16T08:36:18","slug":"contacto","status":"publish","type":"page","link":"https:\/\/artificio.es\/?page_id=704&lang=es","title":{"rendered":"CONTACTO"},"content":{"rendered":"[vc_row][vc_column width=\u00bb5\/6&#8243;][vc_column_text]\n\n<div class=\"wpcf7 no-js\" id=\"wpcf7-f1204-o1\" lang=\"es-ES\" dir=\"ltr\" data-wpcf7-id=\"1204\">\n<div class=\"screen-reader-response\"><p role=\"status\" aria-live=\"polite\" aria-atomic=\"true\"><\/p> <ul><\/ul><\/div>\n<form action=\"\/index.php?rest_route=%2Fwp%2Fv2%2Fpages%2F704#wpcf7-f1204-o1\" method=\"post\" class=\"wpcf7-form init\" aria-label=\"Formulario de contacto\" novalidate=\"novalidate\" data-status=\"init\">\n<fieldset class=\"hidden-fields-container\"><input type=\"hidden\" name=\"_wpcf7\" value=\"1204\" \/><input type=\"hidden\" name=\"_wpcf7_version\" value=\"6.1.5\" \/><input type=\"hidden\" name=\"_wpcf7_locale\" value=\"es_ES\" \/><input type=\"hidden\" name=\"_wpcf7_unit_tag\" value=\"wpcf7-f1204-o1\" \/><input type=\"hidden\" name=\"_wpcf7_container_post\" value=\"0\" \/><input type=\"hidden\" name=\"_wpcf7_posted_data_hash\" value=\"\" \/>\n<\/fieldset>\n<p>Nombre (requerido)\n<\/p>\n<p><span class=\"wpcf7-form-control-wrap\" data-name=\"your-name\"><input size=\"40\" maxlength=\"400\" class=\"wpcf7-form-control wpcf7-text wpcf7-validates-as-required\" aria-required=\"true\" aria-invalid=\"false\" value=\"\" type=\"text\" name=\"your-name\" \/><\/span>\n<\/p>\n<p>E-mail (requerido)\n<\/p>\n<p><span class=\"wpcf7-form-control-wrap\" data-name=\"your-email\"><input size=\"40\" maxlength=\"400\" class=\"wpcf7-form-control wpcf7-email wpcf7-validates-as-required wpcf7-text wpcf7-validates-as-email\" aria-required=\"true\" aria-invalid=\"false\" value=\"\" type=\"email\" name=\"your-email\" \/><\/span>\n<\/p>\n<p>Asunto\n<\/p>\n<p><span class=\"wpcf7-form-control-wrap\" data-name=\"your-subject\"><input size=\"40\" maxlength=\"400\" class=\"wpcf7-form-control wpcf7-text\" aria-invalid=\"false\" value=\"\" type=\"text\" name=\"your-subject\" \/><\/span>\n<\/p>\n<p>Mensaje\n<\/p>\n<p><span class=\"wpcf7-form-control-wrap\" data-name=\"your-message\"><textarea cols=\"40\" rows=\"10\" maxlength=\"2000\" class=\"wpcf7-form-control wpcf7-textarea\" aria-invalid=\"false\" name=\"your-message\"><\/textarea><\/span>\n<\/p>\n<p><input class=\"wpcf7-form-control wpcf7-submit has-spinner\" type=\"submit\" value=\"Enviar\" \/>\n<\/p><div class=\"wpcf7-response-output\" aria-hidden=\"true\"><\/div>\n<\/form>\n<\/div>\n\n[\/vc_column_text][\/vc_column][vc_column width=\u00bb1\/6&#8243;][divider line_type=\u00bbNo Line\u00bb custom_height=\u00bb12&#8243;][vc_column_text]Libertad 22, 28004 Madrid<br \/>\n915 334 040<br \/>\nmadrid@artificio.es[\/vc_column_text]<div class=\"col span_6\" data-animation=\"\" data-delay=\"0\">[vc_column_text]\n[\/vc_column_text]<\/div>[\/vc_column][\/vc_row]\n","protected":false},"excerpt":{"rendered":"<p>[vc_row][vc_column width=\u00bb5\/6&#8243;][vc_column_text] [\/vc_column_text][\/vc_column][vc_column width=\u00bb1\/6&#8243;][divider line_type=\u00bbNo Line\u00bb custom_height=\u00bb12&#8243;][vc_column_text]Libertad 22, 28004 Madrid 915 334 040 madrid@artificio.es[\/vc_column_text][\/vc_column][\/vc_row]<\/p>\n","protected":false},"author":1,"featured_media":0,"parent":0,"menu_order":4,"comment_status":"open","ping_status":"closed","template":"","meta":{"footnotes":""},"class_list":["post-704","page","type-page","status-publish"],"yoast_head":"<!-- This site is optimized with the Yoast SEO plugin v27.4 - https:\/\/yoast.com\/product\/yoast-seo-wordpress\/ -->\n<title>CONTACTO | Artificio<\/title>\n<meta name=\"description\" content=\"Contacta con Artificio, dise\u00f1o, fabricaci\u00f3n y distribuci\u00f3n de cocinas y mobiliario para el hogar con calidad est\u00e9tica y funcional.\" \/>\n<meta name=\"robots\" content=\"index, follow, max-snippet:-1, max-image-preview:large, max-video-preview:-1\" \/>\n<link rel=\"canonical\" href=\"https:\/\/artificio.es\/?page_id=704&lang=es\" \/>\n<meta property=\"og:locale\" content=\"es_ES\" \/>\n<meta property=\"og:type\" content=\"article\" \/>\n<meta property=\"og:title\" content=\"CONTACTO | Artificio\" \/>\n<meta property=\"og:description\" content=\"Contacta con Artificio, dise\u00f1o, fabricaci\u00f3n y distribuci\u00f3n de cocinas y mobiliario para el hogar con calidad est\u00e9tica y funcional.\" \/>\n<meta property=\"og:url\" content=\"https:\/\/artificio.es\/?page_id=704&amp;lang=es\" \/>\n<meta property=\"og:site_name\" content=\"Artificio\" \/>\n<meta property=\"article:modified_time\" content=\"2021-12-16T08:36:18+00:00\" \/>\n<meta name=\"twitter:card\" content=\"summary_large_image\" \/>\n<meta name=\"twitter:label1\" content=\"Tiempo de lectura\" \/>\n\t<meta name=\"twitter:data1\" content=\"1 minuto\" \/>\n<script type=\"application\/ld+json\" class=\"yoast-schema-graph\">{\"@context\":\"https:\\\/\\\/schema.org\",\"@graph\":[{\"@type\":\"WebPage\",\"@id\":\"https:\\\/\\\/artificio.es\\\/?page_id=704&lang=es\",\"url\":\"https:\\\/\\\/artificio.es\\\/?page_id=704&lang=es\",\"name\":\"CONTACTO | Artificio\",\"isPartOf\":{\"@id\":\"https:\\\/\\\/artificio.es\\\/#website\"},\"datePublished\":\"2013-03-23T11:06:18+00:00\",\"dateModified\":\"2021-12-16T08:36:18+00:00\",\"description\":\"Contacta con Artificio, dise\u00f1o, fabricaci\u00f3n y distribuci\u00f3n de cocinas y mobiliario para el hogar con calidad est\u00e9tica y funcional.\",\"breadcrumb\":{\"@id\":\"https:\\\/\\\/artificio.es\\\/?page_id=704&lang=es#breadcrumb\"},\"inLanguage\":\"es\",\"potentialAction\":[{\"@type\":\"ReadAction\",\"target\":[\"https:\\\/\\\/artificio.es\\\/?page_id=704&lang=es\"]}]},{\"@type\":\"BreadcrumbList\",\"@id\":\"https:\\\/\\\/artificio.es\\\/?page_id=704&lang=es#breadcrumb\",\"itemListElement\":[{\"@type\":\"ListItem\",\"position\":1,\"name\":\"Portada\",\"item\":\"https:\\\/\\\/artificio.es\\\/?page_id=5&lang=es\"},{\"@type\":\"ListItem\",\"position\":2,\"name\":\"CONTACTO\"}]},{\"@type\":\"WebSite\",\"@id\":\"https:\\\/\\\/artificio.es\\\/#website\",\"url\":\"https:\\\/\\\/artificio.es\\\/\",\"name\":\"Artificio\",\"description\":\"Fabricante y distribuidor de mobiliario de cocina y para el hogar.\",\"publisher\":{\"@id\":\"https:\\\/\\\/artificio.es\\\/#organization\"},\"potentialAction\":[{\"@type\":\"SearchAction\",\"target\":{\"@type\":\"EntryPoint\",\"urlTemplate\":\"https:\\\/\\\/artificio.es\\\/?s={search_term_string}\"},\"query-input\":{\"@type\":\"PropertyValueSpecification\",\"valueRequired\":true,\"valueName\":\"search_term_string\"}}],\"inLanguage\":\"es\"},{\"@type\":\"Organization\",\"@id\":\"https:\\\/\\\/artificio.es\\\/#organization\",\"name\":\"Artificio\",\"url\":\"https:\\\/\\\/artificio.es\\\/\",\"logo\":{\"@type\":\"ImageObject\",\"inLanguage\":\"es\",\"@id\":\"https:\\\/\\\/artificio.es\\\/#\\\/schema\\\/logo\\\/image\\\/\",\"url\":\"https:\\\/\\\/artificio.es\\\/wp-content\\\/uploads\\\/2014\\\/08\\\/artificio_logo3.png\",\"contentUrl\":\"https:\\\/\\\/artificio.es\\\/wp-content\\\/uploads\\\/2014\\\/08\\\/artificio_logo3.png\",\"width\":1821,\"height\":352,\"caption\":\"Artificio\"},\"image\":{\"@id\":\"https:\\\/\\\/artificio.es\\\/#\\\/schema\\\/logo\\\/image\\\/\"}}]}<\/script>\n<!-- \/ Yoast SEO plugin. -->","yoast_head_json":{"title":"CONTACTO | Artificio","description":"Contacta con Artificio, dise\u00f1o, fabricaci\u00f3n y distribuci\u00f3n de cocinas y mobiliario para el hogar con calidad est\u00e9tica y funcional.","robots":{"index":"index","follow":"follow","max-snippet":"max-snippet:-1","max-image-preview":"max-image-preview:large","max-video-preview":"max-video-preview:-1"},"canonical":"https:\/\/artificio.es\/?page_id=704&lang=es","og_locale":"es_ES","og_type":"article","og_title":"CONTACTO | Artificio","og_description":"Contacta con Artificio, dise\u00f1o, fabricaci\u00f3n y distribuci\u00f3n de cocinas y mobiliario para el hogar con calidad est\u00e9tica y funcional.","og_url":"https:\/\/artificio.es\/?page_id=704&lang=es","og_site_name":"Artificio","article_modified_time":"2021-12-16T08:36:18+00:00","twitter_card":"summary_large_image","twitter_misc":{"Tiempo de lectura":"1 minuto"},"schema":{"@context":"https:\/\/schema.org","@graph":[{"@type":"WebPage","@id":"https:\/\/artificio.es\/?page_id=704&lang=es","url":"https:\/\/artificio.es\/?page_id=704&lang=es","name":"CONTACTO | Artificio","isPartOf":{"@id":"https:\/\/artificio.es\/#website"},"datePublished":"2013-03-23T11:06:18+00:00","dateModified":"2021-12-16T08:36:18+00:00","description":"Contacta con Artificio, dise\u00f1o, fabricaci\u00f3n y distribuci\u00f3n de cocinas y mobiliario para el hogar con calidad est\u00e9tica y funcional.","breadcrumb":{"@id":"https:\/\/artificio.es\/?page_id=704&lang=es#breadcrumb"},"inLanguage":"es","potentialAction":[{"@type":"ReadAction","target":["https:\/\/artificio.es\/?page_id=704&lang=es"]}]},{"@type":"BreadcrumbList","@id":"https:\/\/artificio.es\/?page_id=704&lang=es#breadcrumb","itemListElement":[{"@type":"ListItem","position":1,"name":"Portada","item":"https:\/\/artificio.es\/?page_id=5&lang=es"},{"@type":"ListItem","position":2,"name":"CONTACTO"}]},{"@type":"WebSite","@id":"https:\/\/artificio.es\/#website","url":"https:\/\/artificio.es\/","name":"Artificio","description":"Fabricante y distribuidor de mobiliario de cocina y para el hogar.","publisher":{"@id":"https:\/\/artificio.es\/#organization"},"potentialAction":[{"@type":"SearchAction","target":{"@type":"EntryPoint","urlTemplate":"https:\/\/artificio.es\/?s={search_term_string}"},"query-input":{"@type":"PropertyValueSpecification","valueRequired":true,"valueName":"search_term_string"}}],"inLanguage":"es"},{"@type":"Organization","@id":"https:\/\/artificio.es\/#organization","name":"Artificio","url":"https:\/\/artificio.es\/","logo":{"@type":"ImageObject","inLanguage":"es","@id":"https:\/\/artificio.es\/#\/schema\/logo\/image\/","url":"https:\/\/artificio.es\/wp-content\/uploads\/2014\/08\/artificio_logo3.png","contentUrl":"https:\/\/artificio.es\/wp-content\/uploads\/2014\/08\/artificio_logo3.png","width":1821,"height":352,"caption":"Artificio"},"image":{"@id":"https:\/\/artificio.es\/#\/schema\/logo\/image\/"}}]}},"_links":{"self":[{"href":"https:\/\/artificio.es\/index.php?rest_route=\/wp\/v2\/pages\/704","targetHints":{"allow":["GET"]}}],"collection":[{"href":"https:\/\/artificio.es\/index.php?rest_route=\/wp\/v2\/pages"}],"about":[{"href":"https:\/\/artificio.es\/index.php?rest_route=\/wp\/v2\/types\/page"}],"author":[{"embeddable":true,"href":"https:\/\/artificio.es\/index.php?rest_route=\/wp\/v2\/users\/1"}],"replies":[{"embeddable":true,"href":"https:\/\/artificio.es\/index.php?rest_route=%2Fwp%2Fv2%2Fcomments&post=704"}],"version-history":[{"count":6,"href":"https:\/\/artificio.es\/index.php?rest_route=\/wp\/v2\/pages\/704\/revisions"}],"predecessor-version":[{"id":1957,"href":"https:\/\/artificio.es\/index.php?rest_route=\/wp\/v2\/pages\/704\/revisions\/1957"}],"wp:attachment":[{"href":"https:\/\/artificio.es\/index.php?rest_route=%2Fwp%2Fv2%2Fmedia&parent=704"}],"curies":[{"name":"wp","href":"https:\/\/api.w.org\/{rel}","templated":true}]}}